{"id":13,"date":"2024-11-25T18:42:38","date_gmt":"2024-11-25T18:42:38","guid":{"rendered":"http:\/\/stoprolamentos.com.br\/?page_id=13"},"modified":"2025-02-04T17:15:56","modified_gmt":"2025-02-04T20:15:56","slug":"inicial","status":"publish","type":"page","link":"https:\/\/stoprolamentos.com.br\/","title":{"rendered":"Inicial"},"content":{"rendered":"\n<div class=\"wp-block-group\"><div class=\"wp-block-group__inner-container is-layout-constrained wp-block-group-is-layout-constrained\">\n<figure class=\"wp-block-gallery has-nested-images columns-default is-cropped wp-block-gallery-1 is-layout-flex wp-block-gallery-is-layout-flex\">\n<figure class=\"wp-block-image size-large\"><img loading=\"lazy\" decoding=\"async\" width=\"1024\" height=\"102\" src=\"https:\/\/stoprolamentos.com.br\/wp-content\/uploads\/2024\/11\/cropped-iStock-1494616702-scaled-1-1024x102.jpg\" alt=\" \" class=\"wp-image-128\" srcset=\"https:\/\/stoprolamentos.com.br\/wp-content\/uploads\/2024\/11\/cropped-iStock-1494616702-scaled-1-1024x102.jpg 1024w, https:\/\/stoprolamentos.com.br\/wp-content\/uploads\/2024\/11\/cropped-iStock-1494616702-scaled-1-300x30.jpg 300w, https:\/\/stoprolamentos.com.br\/wp-content\/uploads\/2024\/11\/cropped-iStock-1494616702-scaled-1-768x77.jpg 768w, https:\/\/stoprolamentos.com.br\/wp-content\/uploads\/2024\/11\/cropped-iStock-1494616702-scaled-1-1536x154.jpg 1536w, https:\/\/stoprolamentos.com.br\/wp-content\/uploads\/2024\/11\/cropped-iStock-1494616702-scaled-1.jpg 2000w\" sizes=\"auto, (max-width: 1024px) 100vw, 1024px\" \/><\/figure>\n<\/figure>\n<\/div><\/div>\n\n\n\n<h2 class=\"wp-block-heading\">\u200b<strong>BEM VINDO A&nbsp;<\/strong><br><strong>STOP ROLAMENTOS<\/strong><\/h2>\n\n\n\n<p><a href=\"https:\/\/stoprolamentos.com.br\/?page_id=15\">CONTATAR<\/a><\/p>\n\n\n\n<p><a href=\"https:\/\/stoprolamentos.com.br\/?page_id=16\">SOBRE N\u00d3S<\/a><\/p>\n\n\n\n<p>Valorizamos a flexibilidade em nossas negocia\u00e7\u00f5es e resolu\u00e7\u00f5es de problemas, garantindo assim a satisfa\u00e7\u00e3o de nossos parceiros comerciais.<\/p>\n\n\n\n<p>\u200b<\/p>\n\n\n\n<figure class=\"wp-block-image is-resized\"><img decoding=\"async\" src=\"https:\/\/static.wixstatic.com\/media\/d150a9_d0a5beb1b8024f1bbebc1d21d33b54d7~mv2.png\/v1\/crop\/x_133,y_0,w_3055,h_2302\/fill\/w_413,h_311,al_c,q_85,usm_0.66_1.00_0.01,enc_avif,quality_auto\/4d8d6bfe-6aa6-11ee-addd-ce9b1d9c7dda.png\" alt=\"A imagem mostra rolamento retentor correia \" style=\"width:610px;height:auto\"\/><\/figure>\n\n\n\n<h3 class=\"wp-block-heading\">Invista no melhor<\/h3>\n\n\n\n<p>Revolucione seu desempenho industrial com a confiabilidade da Stop Rolamentos.<\/p>\n\n\n\n<p>A\u00e7\u00e3o \u00e9 a chave para o sucesso!<\/p>\n\n\n\n<p><a href=\"https:\/\/stoprolamentos.com.br\/?page_id=15\">Comece Agora<\/a><\/p>\n\n\n\n<p><br>A&nbsp;STOP ROLAMENTOS&nbsp;trabalha com os principais&nbsp;fabricantes&nbsp;nacionais e internacionais.<\/p>\n\n\n\n<p>Alguns dos nossos parceiros.<\/p>\n\n\n\n<figure class=\"wp-block-image size-full\"><img loading=\"lazy\" decoding=\"async\" width=\"699\" height=\"228\" src=\"https:\/\/stoprolamentos.com.br\/wp-content\/uploads\/2025\/02\/Logos_Fab.png\" alt=\"\" class=\"wp-image-184\" srcset=\"https:\/\/stoprolamentos.com.br\/wp-content\/uploads\/2025\/02\/Logos_Fab.png 699w, https:\/\/stoprolamentos.com.br\/wp-content\/uploads\/2025\/02\/Logos_Fab-300x98.png 300w\" sizes=\"auto, (max-width: 699px) 100vw, 699px\" \/><\/figure>\n\n\n\n<p><\/p>\n\n\n\n<p><\/p>\n\n\n\n<h1 class=\"wp-block-heading\">Produtos<\/h1>\n\n\n\n<p>Oferecemos os melhores e mais variados artigos. Todos feitos especialmente para voc\u00ea<\/p>\n\n\n\n<figure class=\"wp-block-image size-large is-resized\"><img loading=\"lazy\" decoding=\"async\" width=\"1024\" height=\"683\" src=\"https:\/\/stoprolamentos.com.br\/wp-content\/uploads\/2024\/11\/iStock-1039957756-1024x683.jpg\" alt=\"\" class=\"wp-image-55\" style=\"width:610px;height:auto\" srcset=\"https:\/\/stoprolamentos.com.br\/wp-content\/uploads\/2024\/11\/iStock-1039957756-1024x683.jpg 1024w, https:\/\/stoprolamentos.com.br\/wp-content\/uploads\/2024\/11\/iStock-1039957756-300x200.jpg 300w, https:\/\/stoprolamentos.com.br\/wp-content\/uploads\/2024\/11\/iStock-1039957756-768x512.jpg 768w, https:\/\/stoprolamentos.com.br\/wp-content\/uploads\/2024\/11\/iStock-1039957756-1536x1024.jpg 1536w, https:\/\/stoprolamentos.com.br\/wp-content\/uploads\/2024\/11\/iStock-1039957756-2048x1365.jpg 2048w, https:\/\/stoprolamentos.com.br\/wp-content\/uploads\/2024\/11\/iStock-1039957756-1568x1045.jpg 1568w\" sizes=\"auto, (max-width: 1024px) 100vw, 1024px\" \/><\/figure>\n\n\n\n<p>Nossa especialidade&nbsp;<\/p>\n\n\n\n<h3 class=\"wp-block-heading\">Rolamentos Industriais<\/h3>\n\n\n\n<p>Os rolamentos industriais s\u00e3o componentes cruciais para m\u00e1quinas e equipamentos, garantindo efici\u00eancia e confiabilidade. Na Stop Rolamentos, especialistas em solu\u00e7\u00f5es de rolamentos industriais, oferecemos qualidade e excel\u00eancia no atendimento.<\/p>\n\n\n\n<p><a href=\"https:\/\/stoprolamentos.com.br\/?page_id=14\">Mais Produtos<\/a><\/p>\n\n\n\n<h3 class=\"wp-block-heading\">Porque escolher a&nbsp;STOP ROLAMENTOS ?<\/h3>\n\n\n\n<p>01 &#8211; Estoque permanente: oferecemos a linha completa de rolamentos, retentores e correias&nbsp;<\/p>\n\n\n\n<p>02 &#8211; Garantia de qualidade e suporte t\u00e9cnico dos pr\u00f3prios fabricantes.<\/p>\n\n\n\n<p>03 &#8211; Despachamos para todo o territ\u00f3rio nacional. Vendas no atacado e varejo. Loja no bairro do Ipiranga.<\/p>\n\n\n\n<p>04 &#8211; Flexibilidade nas negocia\u00e7\u00f5es e resolu\u00e7\u00f5es de problemas.<\/p>\n\n\n\n<p>Despachamos para todo o territ\u00f3rio nacional. Vendas no atacado e varejo.<\/p>\n\n\n\n<p>Fa\u00e7a seu or\u00e7amento contatando a&nbsp;STOP ROLAMENTOS&nbsp;em seus principais canais de comunica\u00e7\u00e3o.<\/p>\n\n\n\n<h3 class=\"wp-block-heading\">S\u00e3o mais de&nbsp;<strong>3000<\/strong>&nbsp;clientes trabalhando conosco<\/h3>\n\n\n\n<p><a href=\"https:\/\/stoprolamentos.com.br\/?page_id=15\">CONTATAR<\/a><\/p>\n","protected":false},"excerpt":{"rendered":"<p>\u200bBEM VINDO A&nbsp;STOP ROLAMENTOS CONTATAR SOBRE N\u00d3S Valorizamos a flexibilidade em nossas negocia\u00e7\u00f5es e resolu\u00e7\u00f5es de problemas, garantindo assim a satisfa\u00e7\u00e3o de nossos parceiros comerciais. \u200b Invista no melhor Revolucione seu desempenho industrial com a confiabilidade da Stop Rolamentos. A\u00e7\u00e3o \u00e9 a chave para o sucesso! Comece Agora A&nbsp;STOP ROLAMENTOS&nbsp;trabalha com os principais&nbsp;fabricantes&nbsp;nacionais e internacionais. [&hellip;]<\/p>\n","protected":false},"author":1,"featured_media":0,"parent":0,"menu_order":0,"comment_status":"closed","ping_status":"closed","template":"","meta":{"footnotes":""},"class_list":["post-13","page","type-page","status-publish","hentry"],"_links":{"self":[{"href":"https:\/\/stoprolamentos.com.br\/index.php?rest_route=\/wp\/v2\/pages\/13","targetHints":{"allow":["GET"]}}],"collection":[{"href":"https:\/\/stoprolamentos.com.br\/index.php?rest_route=\/wp\/v2\/pages"}],"about":[{"href":"https:\/\/stoprolamentos.com.br\/index.php?rest_route=\/wp\/v2\/types\/page"}],"author":[{"embeddable":true,"href":"https:\/\/stoprolamentos.com.br\/index.php?rest_route=\/wp\/v2\/users\/1"}],"replies":[{"embeddable":true,"href":"https:\/\/stoprolamentos.com.br\/index.php?rest_route=%2Fwp%2Fv2%2Fcomments&post=13"}],"version-history":[{"count":25,"href":"https:\/\/stoprolamentos.com.br\/index.php?rest_route=\/wp\/v2\/pages\/13\/revisions"}],"predecessor-version":[{"id":205,"href":"https:\/\/stoprolamentos.com.br\/index.php?rest_route=\/wp\/v2\/pages\/13\/revisions\/205"}],"wp:attachment":[{"href":"https:\/\/stoprolamentos.com.br\/index.php?rest_route=%2Fwp%2Fv2%2Fmedia&parent=13"}],"curies":[{"name":"wp","href":"https:\/\/api.w.org\/{rel}","templated":true}]}}