{"id":14,"date":"2024-11-25T18:42:38","date_gmt":"2024-11-25T18:42:38","guid":{"rendered":"http:\/\/stoprolamentos.com.br\/?page_id=14"},"modified":"2024-11-26T00:18:59","modified_gmt":"2024-11-26T00:18:59","slug":"produtos","status":"publish","type":"page","link":"https:\/\/stoprolamentos.com.br\/?page_id=14","title":{"rendered":"Produtos"},"content":{"rendered":"\n<h3 class=\"wp-block-heading\">Nossos produtos<\/h3>\n\n\n\n<p>Todos os produtos que a Stop Rolamentos tem a lhe oferecer em um s\u00f3 clique<\/p>\n\n\n\n<figure class=\"wp-block-image\"><img decoding=\"async\" src=\"https:\/\/static.wixstatic.com\/media\/d150a9_9672d29045c84f6ca64f1ad5a557ab26~mv2.jpg\/v1\/fill\/w_980,h_300,al_c,q_80,usm_0.66_1.00_0.01,enc_avif,quality_auto\/d150a9_9672d29045c84f6ca64f1ad5a557ab26~mv2.jpg\" alt=\"Design sem nome.jpg\"\/><\/figure>\n\n\n\n<h3 class=\"wp-block-heading\"><strong>Rolamentos<\/strong><\/h3>\n\n\n\n<p>Suportam e guiam os elementos rotativos ou oscilantes \u2013 como eixos ou rodas \u2013 das m\u00e1quinas e transferem as cargas entre os componentes da m\u00e1quina. Oferecem alta precis\u00e3o e baixo atrito, por isso, permitem altas rota\u00e7\u00f5es enquanto reduzem o ru\u00eddo, o calor, o consumo de energia e o desgaste.<\/p>\n\n\n\n<h3 class=\"wp-block-heading\"><strong>Mancais<\/strong><\/h3>\n\n\n\n<p>Componentes fundamentais em m\u00e1quinas e motores, oferecem suporte e orienta\u00e7\u00e3o aos eixos rotativos. Eles desempenham um papel vital na redu\u00e7\u00e3o do atrito e no prolongamento da vida \u00fatil dos equipamentos industriais, contribuindo para um funcionamento suave e eficiente.<\/p>\n\n\n\n<h3 class=\"wp-block-heading\"><strong>Retentores<\/strong><\/h3>\n\n\n\n<p>Pe\u00e7as essenciais na veda\u00e7\u00e3o de flu\u00eddos, impedindo vazamentos em sistemas mec\u00e2nicos e m\u00e1quinas. Sua capacidade de manter \u00f3leo, \u00e1gua ou outros l\u00edquidos em seu devido lugar \u00e9 crucial para a efici\u00eancia e longevidade dos equipamentos industriais.<\/p>\n\n\n\n<h3 class=\"wp-block-heading\"><strong>Mais (+)<\/strong><\/h3>\n\n\n\n<p>Os produtos da Stop Rolamentos abrangem uma ampla gama de componentes essenciais para aplica\u00e7\u00f5es industriais. Com qualidade e variedade, somos uma refer\u00eancia na ind\u00fastria e com\u00e9rcio<\/p>\n\n\n\n<figure class=\"wp-block-image\"><img decoding=\"async\" src=\"https:\/\/static.wixstatic.com\/media\/d150a9_0aa8983dc98a4aa59f86839891ec75ff~mv2.png\/v1\/crop\/x_125,y_196,w_2738,h_1803\/fill\/w_485,h_327,al_c,q_85,usm_0.66_1.00_0.01,enc_avif,quality_auto\/5fc3ef1a-6aa5-11ee-a284-b2149499271e_edi.png\" alt=\"5fc3ef1a-6aa5-11ee-a284-b2149499271e_edi\"\/><\/figure>\n\n\n\n<h6 class=\"wp-block-heading\">Rolamentos r\u00edgidos de esferas<\/h6>\n\n\n\n<h6 class=\"wp-block-heading\">Especiais sob medida<\/h6>\n\n\n\n<h6 class=\"wp-block-heading\">Autocompensadores de esferas&nbsp;<\/h6>\n\n\n\n<h6 class=\"wp-block-heading\">Autocompensadores de rolos<\/h6>\n\n\n\n<h6 class=\"wp-block-heading\">Esferas<\/h6>\n\n\n\n<h6 class=\"wp-block-heading\">Retentores<\/h6>\n\n\n\n<h6 class=\"wp-block-heading\">An\u00e9is de veda\u00e7\u00e3o<\/h6>\n\n\n\n<h6 class=\"wp-block-heading\">Buchas<\/h6>\n\n\n\n<h6 class=\"wp-block-heading\">Carrinhos Industriais<\/h6>\n\n\n\n<h6 class=\"wp-block-heading\">Gaxeta<\/h6>\n\n\n\n<h6 class=\"wp-block-heading\">Polias (alum\u00ednio e ferro)<\/h6>\n\n\n\n<h6 class=\"wp-block-heading\">Mancais<\/h6>\n\n\n\n<h6 class=\"wp-block-heading\">Rodas, rod\u00edzios e graxas<\/h6>\n\n\n\n<h6 class=\"wp-block-heading\">Selos mec\u00e2nicos<\/h6>\n\n\n\n<h6 class=\"wp-block-heading\">R\u00f3tulas<\/h6>\n\n\n\n<h6 class=\"wp-block-heading\">Vibra Stop&nbsp;<\/h6>\n\n\n\n<p><a href=\"https:\/\/stoprolamentos.com.br\/?page_id=15\">CONTATAR<\/a><\/p>\n","protected":false},"excerpt":{"rendered":"<p>Nossos produtos Todos os produtos que a Stop Rolamentos tem a lhe oferecer em um s\u00f3 clique Rolamentos Suportam e guiam os elementos rotativos ou oscilantes \u2013 como eixos ou rodas \u2013 das m\u00e1quinas e transferem as cargas entre os componentes da m\u00e1quina. Oferecem alta precis\u00e3o e baixo atrito, por isso, permitem altas rota\u00e7\u00f5es enquanto [&hellip;]<\/p>\n","protected":false},"author":1,"featured_media":0,"parent":0,"menu_order":0,"comment_status":"closed","ping_status":"closed","template":"","meta":{"footnotes":""},"class_list":["post-14","page","type-page","status-publish","hentry"],"_links":{"self":[{"href":"https:\/\/stoprolamentos.com.br\/index.php?rest_route=\/wp\/v2\/pages\/14","targetHints":{"allow":["GET"]}}],"collection":[{"href":"https:\/\/stoprolamentos.com.br\/index.php?rest_route=\/wp\/v2\/pages"}],"about":[{"href":"https:\/\/stoprolamentos.com.br\/index.php?rest_route=\/wp\/v2\/types\/page"}],"author":[{"embeddable":true,"href":"https:\/\/stoprolamentos.com.br\/index.php?rest_route=\/wp\/v2\/users\/1"}],"replies":[{"embeddable":true,"href":"https:\/\/stoprolamentos.com.br\/index.php?rest_route=%2Fwp%2Fv2%2Fcomments&post=14"}],"version-history":[{"count":3,"href":"https:\/\/stoprolamentos.com.br\/index.php?rest_route=\/wp\/v2\/pages\/14\/revisions"}],"predecessor-version":[{"id":93,"href":"https:\/\/stoprolamentos.com.br\/index.php?rest_route=\/wp\/v2\/pages\/14\/revisions\/93"}],"wp:attachment":[{"href":"https:\/\/stoprolamentos.com.br\/index.php?rest_route=%2Fwp%2Fv2%2Fmedia&parent=14"}],"curies":[{"name":"wp","href":"https:\/\/api.w.org\/{rel}","templated":true}]}}